{"id":1550,"date":"2017-11-10T11:58:19","date_gmt":"2017-11-10T10:58:19","guid":{"rendered":"http:\/\/www.chjt.be\/?page_id=1550"},"modified":"2021-10-22T07:43:43","modified_gmt":"2021-10-22T06:43:43","slug":"mobiele-teams","status":"publish","type":"page","link":"https:\/\/www.chjt.be\/nl\/patienten-en-familie\/mobiele-teams\/","title":{"rendered":"Mobiele teams"},"content":{"rendered":"<p style=\"text-align: justify;\">In het kader van de hervorming van de geestelijke gezondheidszorg en van \u201c&nbsp;<a href=\"http:\/\/www.p107bxl-est.be\/fr\/basic\/accueil\" target=\"_blank\" rel=\"noopener noreferrer\">artikel 107<\/a>\u201d die zijn ontwikkeld door de federale overheid, heeft het Centre Hospitalier Jean TITECA sinds 2011 zijn zorgaanbod uitgebreid door de inzet van mobiele teams.<\/p>\n<p style=\"text-align: justify;\">De professionalisering van deze multidisciplinaire teams, die op verplaatsing gaan naar pati\u00ebnten thuis, bevordert een aangepaste opname van de pati\u00ebnten binnen hun leefklimaat en is gericht op het voorkomen van ziekenhuisopnames, terwijl ze de omgeving van deze pati\u00ebnten ondersteunen.<\/p>\n<p style=\"text-align: justify;\">Vandaag zijn er vier mobiele teams actief binnen het CHJT.<\/p>\n<p><a href=\"http:\/\/www.chjt.be\/?page_id=2432&amp;preview=true\" target=\"_blank\" rel=\"noopener noreferrer\"><img loading=\"lazy\" decoding=\"async\" class=\"alignleft wp-image-2422\" src=\"http:\/\/www.chjt.be\/wp-content\/uploads\/2019\/06\/TELA-150x150.png\" alt=\"\" width=\"125\" height=\"125\" srcset=\"https:\/\/www.chjt.be\/wp-content\/uploads\/2019\/06\/TELA-150x150.png 150w, https:\/\/www.chjt.be\/wp-content\/uploads\/2019\/06\/TELA.png 295w\" sizes=\"auto, (max-width: 125px) 100vw, 125px\" \/><\/a> <a href=\"http:\/\/www.chjt.be\/?page_id=2437&amp;preview=true\" target=\"_blank\" rel=\"noopener noreferrer\"><img loading=\"lazy\" decoding=\"async\" class=\"alignleft wp-image-2424\" src=\"http:\/\/www.chjt.be\/wp-content\/uploads\/2019\/06\/EOLIA-150x150.png\" alt=\"\" width=\"125\" height=\"125\" srcset=\"https:\/\/www.chjt.be\/wp-content\/uploads\/2019\/06\/EOLIA-150x150.png 150w, https:\/\/www.chjt.be\/wp-content\/uploads\/2019\/06\/EOLIA.png 295w\" sizes=\"auto, (max-width: 125px) 100vw, 125px\" \/><\/a> <a href=\"http:\/\/www.chjt.be\/?page_id=2447&amp;preview=true\" target=\"_blank\" rel=\"noopener noreferrer\"><img loading=\"lazy\" decoding=\"async\" class=\"alignleft wp-image-2426\" src=\"http:\/\/www.chjt.be\/wp-content\/uploads\/2019\/06\/MAYA-150x150.png\" alt=\"\" width=\"125\" height=\"125\" srcset=\"https:\/\/www.chjt.be\/wp-content\/uploads\/2019\/06\/MAYA-150x150.png 150w, https:\/\/www.chjt.be\/wp-content\/uploads\/2019\/06\/MAYA.png 295w\" sizes=\"auto, (max-width: 125px) 100vw, 125px\" \/><\/a>&nbsp; <a href=\"http:\/\/www.chjt.be\/?page_id=2464&amp;preview=true\" target=\"_blank\" rel=\"noopener noreferrer\"><img loading=\"lazy\" decoding=\"async\" class=\"alignleft wp-image-2430\" src=\"http:\/\/www.chjt.be\/wp-content\/uploads\/2019\/06\/PRECARITE-150x150.png\" alt=\"\" width=\"125\" height=\"125\" srcset=\"https:\/\/www.chjt.be\/wp-content\/uploads\/2019\/06\/PRECARITE-150x150.png 150w, https:\/\/www.chjt.be\/wp-content\/uploads\/2019\/06\/PRECARITE.png 296w\" sizes=\"auto, (max-width: 125px) 100vw, 125px\" \/><\/a><\/p>\n","protected":false},"excerpt":{"rendered":"","protected":false},"author":1,"featured_media":688,"parent":1531,"menu_order":0,"comment_status":"closed","ping_status":"closed","template":"","meta":{"_acf_changed":false,"footnotes":""},"class_list":["post-1550","page","type-page","status-publish","has-post-thumbnail","hentry"],"acf":[],"yoast_head":"<!-- This site is optimized with the Yoast SEO plugin v27.6 - https:\/\/yoast.com\/product\/yoast-seo-wordpress\/ -->\n<title>Mobiele teams - Centre Hospitalier Jean Titeca<\/title>\n<meta name=\"robots\" content=\"index, follow, max-snippet:-1, max-image-preview:large, max-video-preview:-1\" \/>\n<link rel=\"canonical\" href=\"https:\/\/www.chjt.be\/nl\/patienten-en-familie\/mobiele-teams\/\" \/>\n<meta property=\"og:locale\" content=\"nl_NL\" \/>\n<meta property=\"og:type\" content=\"article\" \/>\n<meta property=\"og:title\" content=\"Mobiele teams - Centre Hospitalier Jean Titeca\" \/>\n<meta property=\"og:url\" content=\"https:\/\/www.chjt.be\/nl\/patienten-en-familie\/mobiele-teams\/\" \/>\n<meta property=\"og:site_name\" content=\"Centre Hospitalier Jean Titeca\" \/>\n<meta property=\"article:modified_time\" content=\"2021-10-22T06:43:43+00:00\" \/>\n<meta property=\"og:image\" content=\"https:\/\/www.chjt.be\/wp-content\/uploads\/2016\/10\/cropped-home_bandeau.jpg\" \/>\n\t<meta property=\"og:image:width\" content=\"1500\" \/>\n\t<meta property=\"og:image:height\" content=\"516\" \/>\n\t<meta property=\"og:image:type\" content=\"image\/jpeg\" \/>\n<meta name=\"twitter:card\" content=\"summary_large_image\" \/>\n<script type=\"application\/ld+json\" class=\"yoast-schema-graph\">{\"@context\":\"https:\\\/\\\/schema.org\",\"@graph\":[{\"@type\":\"WebPage\",\"@id\":\"https:\\\/\\\/www.chjt.be\\\/nl\\\/patienten-en-familie\\\/mobiele-teams\\\/\",\"url\":\"https:\\\/\\\/www.chjt.be\\\/nl\\\/patienten-en-familie\\\/mobiele-teams\\\/\",\"name\":\"Mobiele teams - Centre Hospitalier Jean Titeca\",\"isPartOf\":{\"@id\":\"https:\\\/\\\/www.chjt.be\\\/#website\"},\"primaryImageOfPage\":{\"@id\":\"https:\\\/\\\/www.chjt.be\\\/nl\\\/patienten-en-familie\\\/mobiele-teams\\\/#primaryimage\"},\"image\":{\"@id\":\"https:\\\/\\\/www.chjt.be\\\/nl\\\/patienten-en-familie\\\/mobiele-teams\\\/#primaryimage\"},\"thumbnailUrl\":\"https:\\\/\\\/www.chjt.be\\\/wp-content\\\/uploads\\\/2016\\\/10\\\/cropped-home_bandeau.jpg\",\"datePublished\":\"2017-11-10T10:58:19+00:00\",\"dateModified\":\"2021-10-22T06:43:43+00:00\",\"breadcrumb\":{\"@id\":\"https:\\\/\\\/www.chjt.be\\\/nl\\\/patienten-en-familie\\\/mobiele-teams\\\/#breadcrumb\"},\"inLanguage\":\"nl-NL\",\"potentialAction\":[{\"@type\":\"ReadAction\",\"target\":[\"https:\\\/\\\/www.chjt.be\\\/nl\\\/patienten-en-familie\\\/mobiele-teams\\\/\"]}]},{\"@type\":\"ImageObject\",\"inLanguage\":\"nl-NL\",\"@id\":\"https:\\\/\\\/www.chjt.be\\\/nl\\\/patienten-en-familie\\\/mobiele-teams\\\/#primaryimage\",\"url\":\"https:\\\/\\\/www.chjt.be\\\/wp-content\\\/uploads\\\/2016\\\/10\\\/cropped-home_bandeau.jpg\",\"contentUrl\":\"https:\\\/\\\/www.chjt.be\\\/wp-content\\\/uploads\\\/2016\\\/10\\\/cropped-home_bandeau.jpg\",\"width\":1500,\"height\":516},{\"@type\":\"BreadcrumbList\",\"@id\":\"https:\\\/\\\/www.chjt.be\\\/nl\\\/patienten-en-familie\\\/mobiele-teams\\\/#breadcrumb\",\"itemListElement\":[{\"@type\":\"ListItem\",\"position\":1,\"name\":\"Accueil\",\"item\":\"https:\\\/\\\/www.chjt.be\\\/nl\\\/\"},{\"@type\":\"ListItem\",\"position\":2,\"name\":\"Pati\u00ebnten en naasten\",\"item\":\"https:\\\/\\\/www.chjt.be\\\/nl\\\/patienten-en-familie\\\/\"},{\"@type\":\"ListItem\",\"position\":3,\"name\":\"Mobiele teams\"}]},{\"@type\":\"WebSite\",\"@id\":\"https:\\\/\\\/www.chjt.be\\\/#website\",\"url\":\"https:\\\/\\\/www.chjt.be\\\/\",\"name\":\"Centre Hospitalier Jean Titeca\",\"description\":\"\",\"potentialAction\":[{\"@type\":\"SearchAction\",\"target\":{\"@type\":\"EntryPoint\",\"urlTemplate\":\"https:\\\/\\\/www.chjt.be\\\/?s={search_term_string}\"},\"query-input\":{\"@type\":\"PropertyValueSpecification\",\"valueRequired\":true,\"valueName\":\"search_term_string\"}}],\"inLanguage\":\"nl-NL\"}]}<\/script>\n<!-- \/ Yoast SEO plugin. -->","yoast_head_json":{"title":"Mobiele teams - Centre Hospitalier Jean Titeca","robots":{"index":"index","follow":"follow","max-snippet":"max-snippet:-1","max-image-preview":"max-image-preview:large","max-video-preview":"max-video-preview:-1"},"canonical":"https:\/\/www.chjt.be\/nl\/patienten-en-familie\/mobiele-teams\/","og_locale":"nl_NL","og_type":"article","og_title":"Mobiele teams - Centre Hospitalier Jean Titeca","og_url":"https:\/\/www.chjt.be\/nl\/patienten-en-familie\/mobiele-teams\/","og_site_name":"Centre Hospitalier Jean Titeca","article_modified_time":"2021-10-22T06:43:43+00:00","og_image":[{"width":1500,"height":516,"url":"https:\/\/www.chjt.be\/wp-content\/uploads\/2016\/10\/cropped-home_bandeau.jpg","type":"image\/jpeg"}],"twitter_card":"summary_large_image","schema":{"@context":"https:\/\/schema.org","@graph":[{"@type":"WebPage","@id":"https:\/\/www.chjt.be\/nl\/patienten-en-familie\/mobiele-teams\/","url":"https:\/\/www.chjt.be\/nl\/patienten-en-familie\/mobiele-teams\/","name":"Mobiele teams - Centre Hospitalier Jean Titeca","isPartOf":{"@id":"https:\/\/www.chjt.be\/#website"},"primaryImageOfPage":{"@id":"https:\/\/www.chjt.be\/nl\/patienten-en-familie\/mobiele-teams\/#primaryimage"},"image":{"@id":"https:\/\/www.chjt.be\/nl\/patienten-en-familie\/mobiele-teams\/#primaryimage"},"thumbnailUrl":"https:\/\/www.chjt.be\/wp-content\/uploads\/2016\/10\/cropped-home_bandeau.jpg","datePublished":"2017-11-10T10:58:19+00:00","dateModified":"2021-10-22T06:43:43+00:00","breadcrumb":{"@id":"https:\/\/www.chjt.be\/nl\/patienten-en-familie\/mobiele-teams\/#breadcrumb"},"inLanguage":"nl-NL","potentialAction":[{"@type":"ReadAction","target":["https:\/\/www.chjt.be\/nl\/patienten-en-familie\/mobiele-teams\/"]}]},{"@type":"ImageObject","inLanguage":"nl-NL","@id":"https:\/\/www.chjt.be\/nl\/patienten-en-familie\/mobiele-teams\/#primaryimage","url":"https:\/\/www.chjt.be\/wp-content\/uploads\/2016\/10\/cropped-home_bandeau.jpg","contentUrl":"https:\/\/www.chjt.be\/wp-content\/uploads\/2016\/10\/cropped-home_bandeau.jpg","width":1500,"height":516},{"@type":"BreadcrumbList","@id":"https:\/\/www.chjt.be\/nl\/patienten-en-familie\/mobiele-teams\/#breadcrumb","itemListElement":[{"@type":"ListItem","position":1,"name":"Accueil","item":"https:\/\/www.chjt.be\/nl\/"},{"@type":"ListItem","position":2,"name":"Pati\u00ebnten en naasten","item":"https:\/\/www.chjt.be\/nl\/patienten-en-familie\/"},{"@type":"ListItem","position":3,"name":"Mobiele teams"}]},{"@type":"WebSite","@id":"https:\/\/www.chjt.be\/#website","url":"https:\/\/www.chjt.be\/","name":"Centre Hospitalier Jean Titeca","description":"","potentialAction":[{"@type":"SearchAction","target":{"@type":"EntryPoint","urlTemplate":"https:\/\/www.chjt.be\/?s={search_term_string}"},"query-input":{"@type":"PropertyValueSpecification","valueRequired":true,"valueName":"search_term_string"}}],"inLanguage":"nl-NL"}]}},"_links":{"self":[{"href":"https:\/\/www.chjt.be\/nl\/wp-json\/wp\/v2\/pages\/1550","targetHints":{"allow":["GET"]}}],"collection":[{"href":"https:\/\/www.chjt.be\/nl\/wp-json\/wp\/v2\/pages"}],"about":[{"href":"https:\/\/www.chjt.be\/nl\/wp-json\/wp\/v2\/types\/page"}],"author":[{"embeddable":true,"href":"https:\/\/www.chjt.be\/nl\/wp-json\/wp\/v2\/users\/1"}],"replies":[{"embeddable":true,"href":"https:\/\/www.chjt.be\/nl\/wp-json\/wp\/v2\/comments?post=1550"}],"version-history":[{"count":5,"href":"https:\/\/www.chjt.be\/nl\/wp-json\/wp\/v2\/pages\/1550\/revisions"}],"predecessor-version":[{"id":3141,"href":"https:\/\/www.chjt.be\/nl\/wp-json\/wp\/v2\/pages\/1550\/revisions\/3141"}],"up":[{"embeddable":true,"href":"https:\/\/www.chjt.be\/nl\/wp-json\/wp\/v2\/pages\/1531"}],"wp:featuredmedia":[{"embeddable":true,"href":"https:\/\/www.chjt.be\/nl\/wp-json\/wp\/v2\/media\/688"}],"wp:attachment":[{"href":"https:\/\/www.chjt.be\/nl\/wp-json\/wp\/v2\/media?parent=1550"}],"curies":[{"name":"wp","href":"https:\/\/api.w.org\/{rel}","templated":true}]}}