{"id":1554,"date":"2017-11-10T12:08:34","date_gmt":"2017-11-10T11:08:34","guid":{"rendered":"http:\/\/www.chjt.be\/?page_id=1554"},"modified":"2021-10-25T14:01:52","modified_gmt":"2021-10-25T13:01:52","slug":"geschiedenis","status":"publish","type":"page","link":"https:\/\/www.chjt.be\/nl\/zorggemeenschap\/geschiedenis\/","title":{"rendered":"Geschiedenis"},"content":{"rendered":"<p style=\"text-align: justify;\">In zijn meer dan 160-jarig bestaan nam het Centre Hospitalier Jean Titeca (CHJT) soms op beslissende wijze deel aan diverse transformaties van de psychiatrische praktijk van ons land.<\/p>\n<p style=\"text-align: justify;\">Het startte allemaal in 1852 \u00a0toen het \u201d\u00a0Maison de Sant\u00e9 Maeck\u00a0\u201d werd gebouwd aan de Leuvensesteenweg in antwoord op de wet op de opvang van mentaal zieke pati\u00ebnten van 1850. Als private instelling nam het gezondheidshuis onder het regime van de collocatie hoofdzakelijk mensen op die leden aan neurologische pathologie\u00ebn. In 1946 wordt het gezondheidshuis omgedoopt tot Centre Neuro-Psychiatrie du Docteur Titeca. Het geheel ondergaat een architecturale metamorfose en ook de therapeutische behandelingen worden radicaal gewijzigd.<\/p>\n<p style=\"text-align: justify;\">In 1980 verandert het CNP zijn naam naar aanleiding van een wijziging van de statuten. De vzw draagt vanaf nu de naam <span style=\"color: #25a1cc;\">Centre Hospitalier Jean Titeca (CHJT)<\/span> als eerbetoon aan dokter Jean Titeca, hoofdgeneesheer die onder meer de initiatiefnemer was van het eerste klinische laboratorium van de elektro-encefalogram in Belgi\u00eb.<\/p>\n<p style=\"text-align: justify;\">In 1988 huldigde het CHJT een van de eerste beschutte woningen van Brussel in (IBW) door het cre\u00ebren van een dienst buiten het ziekenhuis die in eerste instantie een twaalftal pati\u00ebnten opvangt, verspreid over twee locaties in Schaarbeek, \u00e9\u00e9n direct naast het CHJT, en het andere op initiatief van het Centre de Sant\u00e9 Mentale ANAIS naast het gemeentehuis.<\/p>\n<p style=\"text-align: justify;\">De vzw <span style=\"text-decoration: underline;\"><a href=\"http:\/\/www.casmmu.be\" target=\"_blank\" rel=\"noopener noreferrer\"><span style=\"color: #941913; text-decoration: underline;\">CASMMU<\/span><\/a><\/span><span style=\"color: #941914;\">C<\/span>entre d\u2019<span style=\"color: #941914;\">A<\/span>ide pour la <span style=\"color: #941914;\">S<\/span>ant\u00e9 <span style=\"color: #941914;\">M<\/span>entale en <span style=\"color: #941914;\">M<\/span>ilieu <span style=\"color: #941914;\">U<\/span>rbain (Hulpcentrum Geestelijke Gezondheid in de Stad) is het resultaat van een samenwerking van het CHJT en het CSM ANAIS. De samenwerking heeft zich geleidelijk ontwikkeld, te beginnen met 12 bedden en met op heden 98 plaatsen, waarvan 8 zijn voorbehouden voor adolescenten met psychische problemen.<\/p>\n<p style=\"text-align: justify;\">Sinds de jaren 90 antwoordt het CHJT op verschillende projectverzoeken van de FOD Volksgezondheid.<\/p>\n<ul style=\"text-align: justify;\">\n<li>Het <strong>PTCA <\/strong>(in 1995), een project dat pati\u00ebnten behandelt met ernstige gedragstoornissen of die agressief gedrag vertonen (PTCA staat voor <strong>P<\/strong>atients pr\u00e9sentant des <strong>T<\/strong>roubles s\u00e9v\u00e8res du <strong>C<\/strong>omportement et\/ou <strong>A<\/strong>gressifs).<\/li>\n<li>Het <strong>UPML &#8211; U<\/strong>nit\u00e9<strong> P<\/strong>sychiatrique<strong> M<\/strong>\u00e9dico-<strong>L<\/strong>\u00e9gale (in 2001), een project dat is bedoeld voor de evaluatie van de resocialisatiemogelijkheden en -voorwaarden van pati\u00ebnten die leven onder het statuut van Wet tot bescherming van de maatschappij.<\/li>\n<li><strong>KARIBU<\/strong> (in 2003), een onderzoeksproject naar de mogelijkheid tot organisatie van een dienst voor jeugddelinquenten met psychiatrische stoornissen (verschillende diagnoses).<\/li>\n<\/ul>\n<p style=\"text-align: justify;\">In 2007 wordt een sectie voor adolescenten \u201c<span style=\"color: #941914;\">CASMMU ADOS<\/span>\u201d opgezet in de buurt van het CHJT, en door het centrum ondersteund.<\/p>\n<p style=\"text-align: justify;\">Eind 2007 wordt op de site van het CHJT een psychiatrisch verzorgingstehuis (PVT) opgericht, het <span style=\"color: #44a8aa;\">MSP Dr. Jacques Ley<\/span>. In oktober 2007 opende het huis zijn deuren voor 34 bewoners en werden reeds de eerste ge\u00efnterneerde pati\u00ebnten opgenomen. Met de overname van de site van la Cambre in 2010 tot 2014 en de site Schweitzer in 2013 werd het PVT verder uitgebreid Sindsdien concentreerde het PVT zich terug naar de historische site, de site Vier Seizoenen in Schaarbeek met 60 bewoners en de site Schweitzer in Sint-Agatha-Berchem met 46 bewoners of een totaal van 106 bewoners waarvan 12 ge\u00efnterneerden.<\/p>\n<p style=\"text-align: justify;\">Eind 2009 startte het CHJT in partnerschap met de <span style=\"text-decoration: underline; color: #ff6600;\"><a style=\"color: #ff6600; text-decoration: underline;\" href=\"http:\/\/www.saintluc.be\/\" target=\"_blank\" rel=\"noopener noreferrer\">Universitaire Ziekenhuizen Sint-Lucas<\/a><\/span> met een project onder de naam \u201d<strong>Artikel 107<\/strong>\u201d gericht op de behoeften van de gebruikers met de bedoeling om het partnerschap tussen de actoren van het zorgnet te verbeteren en thuisinterventieteams op te richten.<\/p>\n<p style=\"text-align: justify;\">In 2016 sluit het CHJT zich aan bij het project <strong>Bru-Stars<\/strong> dat via een mobiel team kinderen en adolescenten met mentale gezondheidsproblemen in het Brussels Gewest wil helpen.<\/p>\n<p style=\"text-align: justify;\">In 2017 neemt het CHJT deel aan het project \u201d<strong>Kansarmoede<\/strong>\u201d dat via een mobiel team hulpbehoevende personen met mentale problemen wil helpen.<\/p>\n<p>In 2017 werd de algemeen directeur van het CHJT benoemd als dagelijkse beheerder van het MSP Dr. Jacques Ley. Zo kwamen beide instellingen onder dezelfde directie en werden gaandeweg nieuwe functionele samenwerkingen ontwikkeld. Op basis van deze vaststellingen besloten de Raden van bestuur van beide vzw&#8217;s eind 2018 om te fusioneren.\u00a0<\/p>\n<p style=\"text-align: justify;\">In de loop der jaren is het Centre Hospitalier Jean Titeca gaandeweg gegroeid en worden personeel en pati\u00ebnten onthaald in gebouwen die zijn gebouwd in verschillende tijdperken. Om deze omgeving te moderniseren en aan pati\u00ebnten en medewerkers een aangenaam en aangepast levens- en werkkader aan te bieden zijn op dit moment belangrijke renovatiewerken aan de gang. Deze hebben tot doel om een maximaal aantal 1-persoonskamers te voorzien, de toegangen te herbekijken en geschikte recreatieve en logistieke ruimten aan te bieden die beantwoorden aan de huidige normen en aan onze behoeften. Het CHJT is in augustus 2016 gestart met de afbraak van de oude gebouwen met de bedoeling om vanaf januari 2017 een nieuwe vleugel te bouwen van om en bij de 16.000 m\u00b2.<\/p>\n<p style=\"text-align: justify;\">Vandaag bieden het CHJT en het IBW Casmmu een <span style=\"color: #ff6600;\">zorgpakket<\/span> aan dat tegemoetkomt aan de verschillende behoeften inzake mentale gezondheid.<\/p>\n","protected":false},"excerpt":{"rendered":"","protected":false},"author":3,"featured_media":848,"parent":1552,"menu_order":0,"comment_status":"closed","ping_status":"closed","template":"","meta":{"_acf_changed":false,"footnotes":""},"class_list":["post-1554","page","type-page","status-publish","has-post-thumbnail","hentry"],"acf":[],"yoast_head":"<!-- This site is optimized with the Yoast SEO plugin v27.5 - https:\/\/yoast.com\/product\/yoast-seo-wordpress\/ -->\n<title>Geschiedenis - Centre Hospitalier Jean Titeca<\/title>\n<meta name=\"robots\" content=\"index, follow, max-snippet:-1, max-image-preview:large, max-video-preview:-1\" \/>\n<link rel=\"canonical\" href=\"https:\/\/www.chjt.be\/nl\/zorggemeenschap\/geschiedenis\/\" \/>\n<meta property=\"og:locale\" content=\"nl_NL\" \/>\n<meta property=\"og:type\" content=\"article\" \/>\n<meta property=\"og:title\" content=\"Geschiedenis - Centre Hospitalier Jean Titeca\" \/>\n<meta property=\"og:url\" content=\"https:\/\/www.chjt.be\/nl\/zorggemeenschap\/geschiedenis\/\" \/>\n<meta property=\"og:site_name\" content=\"Centre Hospitalier Jean Titeca\" \/>\n<meta property=\"article:modified_time\" content=\"2021-10-25T13:01:52+00:00\" \/>\n<meta property=\"og:image\" content=\"https:\/\/www.chjt.be\/wp-content\/uploads\/2017\/02\/DSC00580-1.jpg\" \/>\n\t<meta property=\"og:image:width\" content=\"1920\" \/>\n\t<meta property=\"og:image:height\" content=\"1080\" \/>\n\t<meta property=\"og:image:type\" content=\"image\/jpeg\" \/>\n<meta name=\"twitter:card\" content=\"summary_large_image\" \/>\n<meta name=\"twitter:label1\" content=\"Geschatte leestijd\" \/>\n\t<meta name=\"twitter:data1\" content=\"4 minuten\" \/>\n<script type=\"application\/ld+json\" class=\"yoast-schema-graph\">{\"@context\":\"https:\\\/\\\/schema.org\",\"@graph\":[{\"@type\":\"WebPage\",\"@id\":\"https:\\\/\\\/www.chjt.be\\\/nl\\\/zorggemeenschap\\\/geschiedenis\\\/\",\"url\":\"https:\\\/\\\/www.chjt.be\\\/nl\\\/zorggemeenschap\\\/geschiedenis\\\/\",\"name\":\"Geschiedenis - Centre Hospitalier Jean Titeca\",\"isPartOf\":{\"@id\":\"https:\\\/\\\/www.chjt.be\\\/#website\"},\"primaryImageOfPage\":{\"@id\":\"https:\\\/\\\/www.chjt.be\\\/nl\\\/zorggemeenschap\\\/geschiedenis\\\/#primaryimage\"},\"image\":{\"@id\":\"https:\\\/\\\/www.chjt.be\\\/nl\\\/zorggemeenschap\\\/geschiedenis\\\/#primaryimage\"},\"thumbnailUrl\":\"https:\\\/\\\/www.chjt.be\\\/wp-content\\\/uploads\\\/2017\\\/02\\\/DSC00580-1.jpg\",\"datePublished\":\"2017-11-10T11:08:34+00:00\",\"dateModified\":\"2021-10-25T13:01:52+00:00\",\"breadcrumb\":{\"@id\":\"https:\\\/\\\/www.chjt.be\\\/nl\\\/zorggemeenschap\\\/geschiedenis\\\/#breadcrumb\"},\"inLanguage\":\"nl-NL\",\"potentialAction\":[{\"@type\":\"ReadAction\",\"target\":[\"https:\\\/\\\/www.chjt.be\\\/nl\\\/zorggemeenschap\\\/geschiedenis\\\/\"]}]},{\"@type\":\"ImageObject\",\"inLanguage\":\"nl-NL\",\"@id\":\"https:\\\/\\\/www.chjt.be\\\/nl\\\/zorggemeenschap\\\/geschiedenis\\\/#primaryimage\",\"url\":\"https:\\\/\\\/www.chjt.be\\\/wp-content\\\/uploads\\\/2017\\\/02\\\/DSC00580-1.jpg\",\"contentUrl\":\"https:\\\/\\\/www.chjt.be\\\/wp-content\\\/uploads\\\/2017\\\/02\\\/DSC00580-1.jpg\",\"width\":1920,\"height\":1080},{\"@type\":\"BreadcrumbList\",\"@id\":\"https:\\\/\\\/www.chjt.be\\\/nl\\\/zorggemeenschap\\\/geschiedenis\\\/#breadcrumb\",\"itemListElement\":[{\"@type\":\"ListItem\",\"position\":1,\"name\":\"Accueil\",\"item\":\"https:\\\/\\\/www.chjt.be\\\/nl\\\/\"},{\"@type\":\"ListItem\",\"position\":2,\"name\":\"Zorgen\",\"item\":\"https:\\\/\\\/www.chjt.be\\\/nl\\\/zorggemeenschap\\\/\"},{\"@type\":\"ListItem\",\"position\":3,\"name\":\"Geschiedenis\"}]},{\"@type\":\"WebSite\",\"@id\":\"https:\\\/\\\/www.chjt.be\\\/#website\",\"url\":\"https:\\\/\\\/www.chjt.be\\\/\",\"name\":\"Centre Hospitalier Jean Titeca\",\"description\":\"\",\"potentialAction\":[{\"@type\":\"SearchAction\",\"target\":{\"@type\":\"EntryPoint\",\"urlTemplate\":\"https:\\\/\\\/www.chjt.be\\\/?s={search_term_string}\"},\"query-input\":{\"@type\":\"PropertyValueSpecification\",\"valueRequired\":true,\"valueName\":\"search_term_string\"}}],\"inLanguage\":\"nl-NL\"}]}<\/script>\n<!-- \/ Yoast SEO plugin. -->","yoast_head_json":{"title":"Geschiedenis - Centre Hospitalier Jean Titeca","robots":{"index":"index","follow":"follow","max-snippet":"max-snippet:-1","max-image-preview":"max-image-preview:large","max-video-preview":"max-video-preview:-1"},"canonical":"https:\/\/www.chjt.be\/nl\/zorggemeenschap\/geschiedenis\/","og_locale":"nl_NL","og_type":"article","og_title":"Geschiedenis - Centre Hospitalier Jean Titeca","og_url":"https:\/\/www.chjt.be\/nl\/zorggemeenschap\/geschiedenis\/","og_site_name":"Centre Hospitalier Jean Titeca","article_modified_time":"2021-10-25T13:01:52+00:00","og_image":[{"width":1920,"height":1080,"url":"https:\/\/www.chjt.be\/wp-content\/uploads\/2017\/02\/DSC00580-1.jpg","type":"image\/jpeg"}],"twitter_card":"summary_large_image","twitter_misc":{"Geschatte leestijd":"4 minuten"},"schema":{"@context":"https:\/\/schema.org","@graph":[{"@type":"WebPage","@id":"https:\/\/www.chjt.be\/nl\/zorggemeenschap\/geschiedenis\/","url":"https:\/\/www.chjt.be\/nl\/zorggemeenschap\/geschiedenis\/","name":"Geschiedenis - Centre Hospitalier Jean Titeca","isPartOf":{"@id":"https:\/\/www.chjt.be\/#website"},"primaryImageOfPage":{"@id":"https:\/\/www.chjt.be\/nl\/zorggemeenschap\/geschiedenis\/#primaryimage"},"image":{"@id":"https:\/\/www.chjt.be\/nl\/zorggemeenschap\/geschiedenis\/#primaryimage"},"thumbnailUrl":"https:\/\/www.chjt.be\/wp-content\/uploads\/2017\/02\/DSC00580-1.jpg","datePublished":"2017-11-10T11:08:34+00:00","dateModified":"2021-10-25T13:01:52+00:00","breadcrumb":{"@id":"https:\/\/www.chjt.be\/nl\/zorggemeenschap\/geschiedenis\/#breadcrumb"},"inLanguage":"nl-NL","potentialAction":[{"@type":"ReadAction","target":["https:\/\/www.chjt.be\/nl\/zorggemeenschap\/geschiedenis\/"]}]},{"@type":"ImageObject","inLanguage":"nl-NL","@id":"https:\/\/www.chjt.be\/nl\/zorggemeenschap\/geschiedenis\/#primaryimage","url":"https:\/\/www.chjt.be\/wp-content\/uploads\/2017\/02\/DSC00580-1.jpg","contentUrl":"https:\/\/www.chjt.be\/wp-content\/uploads\/2017\/02\/DSC00580-1.jpg","width":1920,"height":1080},{"@type":"BreadcrumbList","@id":"https:\/\/www.chjt.be\/nl\/zorggemeenschap\/geschiedenis\/#breadcrumb","itemListElement":[{"@type":"ListItem","position":1,"name":"Accueil","item":"https:\/\/www.chjt.be\/nl\/"},{"@type":"ListItem","position":2,"name":"Zorgen","item":"https:\/\/www.chjt.be\/nl\/zorggemeenschap\/"},{"@type":"ListItem","position":3,"name":"Geschiedenis"}]},{"@type":"WebSite","@id":"https:\/\/www.chjt.be\/#website","url":"https:\/\/www.chjt.be\/","name":"Centre Hospitalier Jean Titeca","description":"","potentialAction":[{"@type":"SearchAction","target":{"@type":"EntryPoint","urlTemplate":"https:\/\/www.chjt.be\/?s={search_term_string}"},"query-input":{"@type":"PropertyValueSpecification","valueRequired":true,"valueName":"search_term_string"}}],"inLanguage":"nl-NL"}]}},"_links":{"self":[{"href":"https:\/\/www.chjt.be\/nl\/wp-json\/wp\/v2\/pages\/1554","targetHints":{"allow":["GET"]}}],"collection":[{"href":"https:\/\/www.chjt.be\/nl\/wp-json\/wp\/v2\/pages"}],"about":[{"href":"https:\/\/www.chjt.be\/nl\/wp-json\/wp\/v2\/types\/page"}],"author":[{"embeddable":true,"href":"https:\/\/www.chjt.be\/nl\/wp-json\/wp\/v2\/users\/3"}],"replies":[{"embeddable":true,"href":"https:\/\/www.chjt.be\/nl\/wp-json\/wp\/v2\/comments?post=1554"}],"version-history":[{"count":6,"href":"https:\/\/www.chjt.be\/nl\/wp-json\/wp\/v2\/pages\/1554\/revisions"}],"predecessor-version":[{"id":3327,"href":"https:\/\/www.chjt.be\/nl\/wp-json\/wp\/v2\/pages\/1554\/revisions\/3327"}],"up":[{"embeddable":true,"href":"https:\/\/www.chjt.be\/nl\/wp-json\/wp\/v2\/pages\/1552"}],"wp:featuredmedia":[{"embeddable":true,"href":"https:\/\/www.chjt.be\/nl\/wp-json\/wp\/v2\/media\/848"}],"wp:attachment":[{"href":"https:\/\/www.chjt.be\/nl\/wp-json\/wp\/v2\/media?parent=1554"}],"curies":[{"name":"wp","href":"https:\/\/api.w.org\/{rel}","templated":true}]}}